{"id":491,"date":"2019-05-31T19:54:02","date_gmt":"2019-05-31T19:54:02","guid":{"rendered":"http:\/\/www.escuelarefugio.org\/glg\/?page_id=491"},"modified":"2025-06-10T09:01:53","modified_gmt":"2025-06-10T08:01:53","slug":"politica-de-privacidade","status":"publish","type":"page","link":"https:\/\/www.escuelarefugio.org\/glg\/politica-de-privacidade\/","title":{"rendered":"Pol\u00edtica de Privacidade"},"content":{"rendered":"<div class=\"wpb-content-wrapper\"><p>[vc_row css_animation=\u00bb\u00bb row_type=\u00bbrow\u00bb use_row_as_full_screen_section=\u00bbno\u00bb type=\u00bbgrid\u00bb angled_section=\u00bbno\u00bb text_align=\u00bbleft\u00bb background_image_as_pattern=\u00bbwithout_pattern\u00bb z_index=\u00bb\u00bb][vc_column][vc_single_image image=\u00bb182&#8243; img_size=\u00bbfull\u00bb qode_css_animation=\u00bb\u00bb][\/vc_column][\/vc_row][vc_row css_animation=\u00bb\u00bb row_type=\u00bbrow\u00bb use_row_as_full_screen_section=\u00bbno\u00bb type=\u00bbgrid\u00bb angled_section=\u00bbno\u00bb text_align=\u00bbleft\u00bb background_image_as_pattern=\u00bbwithout_pattern\u00bb z_index=\u00bb\u00bb][vc_column][vc_column_text css=\u00bb\u00bb]<\/p>\n<p style=\"text-align: right;\"><span class=\"copyright\">\u00a9Paula Casado<\/span><\/p>\n<p>[\/vc_column_text][vc_separator type=\u00bbtransparent\u00bb][vc_column_text css=\u00bb\u00bb]<\/p>\n<h5>Pol\u00edtica de privacidade<\/h5>\n<p>[\/vc_column_text][vc_separator type=\u00bbtransparent\u00bb][\/vc_column][\/vc_row][vc_row css_animation=\u00bb\u00bb row_type=\u00bbrow\u00bb use_row_as_full_screen_section=\u00bbno\u00bb type=\u00bbgrid\u00bb angled_section=\u00bbno\u00bb text_align=\u00bbleft\u00bb background_image_as_pattern=\u00bbwithout_pattern\u00bb z_index=\u00bb\u00bb][vc_column][vc_column_text css=\u00bb\u00bb]Esta <strong>Pol\u00edtica de Privacidade<\/strong> \u00e9 parte integrante das condici\u00f3ns xerais. O acceso e navegaci\u00f3n no sitio, ou a utilizaci\u00f3n dos seus servizos, implican a aceptaci\u00f3n das condici\u00f3ns xerais (e polo tanto da Pol\u00edtica de Privacidade e Pol\u00edtica de Cookies). Por favor, l\u00e9aas atentamente.[\/vc_column_text][\/vc_column][\/vc_row][vc_row css_animation=\u00bb\u00bb row_type=\u00bbrow\u00bb use_row_as_full_screen_section=\u00bbno\u00bb type=\u00bbgrid\u00bb angled_section=\u00bbno\u00bb text_align=\u00bbleft\u00bb background_image_as_pattern=\u00bbwithout_pattern\u00bb z_index=\u00bb\u00bb][vc_column][vc_separator type=\u00bbtransparent\u00bb][\/vc_column][\/vc_row][vc_row css_animation=\u00bb\u00bb row_type=\u00bbrow\u00bb use_row_as_full_screen_section=\u00bbno\u00bb type=\u00bbgrid\u00bb angled_section=\u00bbno\u00bb text_align=\u00bbleft\u00bb background_image_as_pattern=\u00bbwithout_pattern\u00bb z_index=\u00bb\u00bb][vc_column width=\u00bb1\/2&#8243;][vc_column_text css=\u00bb\u00bb]<strong><span style=\"color: #f7443e;\"> Nesta Pol\u00edtica de Privacidade informamos sobre:<\/span><\/strong><br \/>\n\u2013 Quen \u00e9 o responsable do tratamento dos seus datos?<br \/>\n\u2013 Cal \u00e9 a lexitimaci\u00f3n para o tratamento dos seus datos?<br \/>\n\u2013 Quen nos pode facilitar datos?<br \/>\n\u2013 Que datos recompilamos?<br \/>\n\u2013 Como se utiliza a informaci\u00f3n?<br \/>\n\u2013 Comunicaci\u00f3ns por correo electr\u00f3nico<br \/>\n\u2013 Como e onde se comparte a informaci\u00f3n?<br \/>\n\u2013 Canto tempo conservaremos os datos persoais?<br \/>\n\u2013 Seguridade dos seus datos<br \/>\n\u2013 Que dereitos ten?<br \/>\n\u2013 Responsable de privacidade<br \/>\n\u2013 Cambios na Pol\u00edtica de Privacidade<\/p>\n<p>&nbsp;<\/p>\n<p><strong><span style=\"color: #f7443e;\">\u00bfQuen \u00e9 o responsable do tratamento dos seus datos?<\/span><\/strong><\/p>\n<p>&nbsp;<\/p>\n<p><strong>FUNDACI\u00d3N ENTRECULTURAS FE Y ALEGR\u00cdA<\/strong><br \/>\nCalle Maldonado, 1, A, planta 3<br \/>\n28006 Madrid (Espa\u00f1a)<br \/>\nCIF. G-82409020<br \/>\nContacto para modificaci\u00f3n de datos:<b><br \/>\ndatos@entreculturas.org<br \/>\n<\/b>Contacto DPO:<b><br \/>\nrgpd@entreculturas.org<\/b><\/p>\n<h3><\/h3>\n<p>&nbsp;<\/p>\n<p><strong>FUNDACI\u00d3N ALBOAN<\/strong><br \/>\nCalle Padre Lojendio, 2. 2\u00aa<br \/>\n48008 \u2013 Bilbao (Espa\u00f1a)<br \/>\nCIF. G-48811376<br \/>\nContacto para modificaci\u00f3n de datos:<b><br \/>\ninfo@alboan.org<\/b><\/p>\n<p>&nbsp;<\/p>\n<p><strong><span style=\"color: #f7443e;\">\u00bfCal \u00e9 a lexitimaci\u00f3n para o tratamento dos seus datos?<\/span><\/strong><br \/>\n<span style=\"font-size: 11pt;\">A base legal que lexitima o tratamento dos seus datos var\u00eda segundo a finalidade e a forma de obter os seus datos: nalg\u00fans casos ser\u00e1 a execuci\u00f3n dun acordo, mentres que noutros ser\u00e1 a obtenci\u00f3n do seu consentimento a trav\u00e9s da marcaci\u00f3n dun recadro habilitado para o efecto, ou a trav\u00e9s doutro mecanismo que constit\u00faa en todo caso unha acci\u00f3n afirmativa, o interese lex\u00edtimo de ENTRECULTURAS ou ALBOAN como Responsables do tratamento, ou unha obriga legal.<\/span><\/p>\n<p>&nbsp;<\/p>\n<p><strong><span style=\"color: #f7443e;\">\u00bfQuen nos pode facilitar datos?<\/span><\/strong><br \/>\n<span style=\"font-size: 11pt;\">Ao acceder \u00e1 nosa p\u00e1xina, manifesta que todos os datos que nos facilita, ben sexan obrigatorios para prestar o servizo ou informaci\u00f3n, ou ben datos voluntarios cando se desexa colaborar connosco, realizar alg\u00fan comentario nos nosos blogs ou participar nas nosas petici\u00f3ns, son verdadeiros e correctos; isto \u00e9, responden \u00e1 s\u00faa situaci\u00f3n real.<br \/>\nOs datos deber\u00e1n ser facilitados polo interesado, non obstante, en determinados casos, poder\u00e1n facilitarse datos de terceiros, sempre que se garanta que o interesado foi informado e obtido o seu consentimento, non sendo EC ou ALBOAN responsables diso en calquera caso.<br \/>\nA subministraci\u00f3n destes datos implica que foron facilitados de forma voluntaria e con consentimento para que poidan ser tratados tanto informatizados como non automatizados e para fins concretos e lex\u00edtimos que a Fundaci\u00f3n Entreculturas Fe e Alegr\u00eda ou Fundaci\u00f3n Alboan describen a continuaci\u00f3n, non sendo utilizados para fins incompatibles, nin transferidos para terceiros sen o seu consentimento.<\/span><\/p>\n<p><strong><span style=\"color: #f7443e;\">\u00bfQue datos recompilamos?<\/span><\/strong><br \/>\n<span style=\"font-size: 11pt;\">Ao enviar unha consulta de informaci\u00f3n, subscribirse aos nosos bolet\u00edns, participar nas nosas acci\u00f3ns, facilitar o seu apoio \u00e1s nosas campa\u00f1as, contactar connosco por correo electr\u00f3nico, facer comentarios nos nosos blogs ou colaborar connosco (como socio e\/ou como doador), podemos solicitarlle que nos facilite unha serie de datos e informaci\u00f3ns persoais como o seu nome, apelidos, enderezo, correo electr\u00f3nico, tel\u00e9fono de contacto, etc. Para ser socio ou doante da Fundaci\u00f3n Entreculturas Fe e Alegr\u00eda ou Fundaci\u00f3n Alboan solicitaremos outras categor\u00edas de datos necesarios para establecer tal v\u00ednculo, como son os datos econ\u00f3micos.<br \/>\nOs datos que lle solicitemos, e que sexan tratados, ser\u00e1n sempre adecuados, pertinentes e non excesivos para a s\u00faa solicitude de informaci\u00f3n, colaboraci\u00f3n e\/ou participaci\u00f3n dentro da Fundaci\u00f3n Entreculturas Fe y Alegr\u00eda e Fundaci\u00f3n Alboan.<\/span><\/p>\n<p>&nbsp;<\/p>\n<p><strong><span style=\"color: #f7443e;\">\u00bfC\u00f3mo se usa a informaci\u00f3n?<\/span><\/strong><br \/>\n<span style=\"font-size: 11pt;\">A Fundaci\u00f3n Entreculturas Fe y Alegr\u00eda e a Fundaci\u00f3n Alboan utilizar\u00e1n a informaci\u00f3n que nos facilite para os fins requiridos en cada un dos formularios de recollida de datos:<br \/>\na) Resposta \u00e1s solicitudes de informaci\u00f3n do usuario. No caso de que nos env\u00ede unha solicitude de informaci\u00f3n, trataremos os seus datos co fin de recibir, xestionar, tratar e responder as consultas e solicitudes de informaci\u00f3n que nos env\u00ede a trav\u00e9s dos distintos formularios de contacto, web ou enviadas \u00e1s nosas sedes e delegaci\u00f3ns.<br \/>\nb) Subscrici\u00f3n ao Bolet\u00edn de noticias ou Newsletters. Trataremos os seus datos de identificaci\u00f3n e correo electr\u00f3nico para enviarlle as nosas noticias e bolet\u00edns. Pode cancelar a subscrici\u00f3n en calquera momento.<br \/>\nc) Colaborar ou participar nas acci\u00f3ns de petici\u00f3n organizadas pola Fundaci\u00f3n Entreculturas Fe y Alegr\u00eda e a Fundaci\u00f3n Alboan. Os datos facilitados ser\u00e1n tratados para enviarlle informaci\u00f3n por correo electr\u00f3nico e\/ou correo postal sobre as nosas acci\u00f3ns ou acci\u00f3ns organizadas conxuntamente con terceiros pola Fundaci\u00f3n. Se as solicitudes se presentan ante unha Organizaci\u00f3n nacional ou supranacional, os datos facilitados poder\u00e1n ser cedidos a esta para a comprobaci\u00f3n e verificaci\u00f3n das solicitudes presentadas.<br \/>\nd) Participar e engadir comentarios aos nosos blogs. Para participar nos nosos blogs e para que o seu comentario se publique, trataremos os datos de usuario e de correo electr\u00f3nico co fin de identificar e xestionar a s\u00faa publicaci\u00f3n na nosa web.<br \/>\ne) Colaborar activamente mediante unha doaz\u00f3n ou facerse socio da Fundaci\u00f3n Entreculturas Fe y Alegr\u00eda ou da Fundaci\u00f3n Alboan. No caso de que acceda ao noso formulario no apartado \u00abcolaborar\u00bb e cubra os seus datos. A informaci\u00f3n facilitada ser\u00e1 tratada coa finalidade de xesti\u00f3n econ\u00f3mica, contable, fiscal e administrativa dos asociados e doadores da Fundaci\u00f3n Entreculturas Fe y Alegr\u00eda ou Fundaci\u00f3n Alboan.<br \/>\nf) Outras actividades organizadas pola Fundaci\u00f3n Entreculturas Fe y Alegr\u00eda ou a Fundaci\u00f3n Alboan. Poder\u00e1 colaborar e participar en acci\u00f3ns organizadas e\/ou promovidas pola Fundaci\u00f3n, facilitando os datos solicitados nos correspondentes formularios e para os fins expresamente indicados neles.<\/span><\/p>\n<p>&nbsp;<\/p>\n<p><strong><strong><span style=\"color: #f7443e;\">Comunicaci\u00f3ns por correo electr\u00f3nico<\/span><\/strong><br \/>\n<\/strong><span style=\"font-size: 11pt;\">Ao enviarnos unha consulta ou solicitude de informaci\u00f3n a trav\u00e9s do correo electr\u00f3nico de contacto, est\u00e1s dando o teu consentimento consciente e expreso para o tratamento dos datos facilitados \u00e1 Fundaci\u00f3n Entreculturas Fe y Alegr\u00eda ou \u00e1 Fundaci\u00f3n Alboan co fin de dar resposta \u00e1 consulta ou solicitude formulada; non obstante, non enviaremos comunicaci\u00f3ns comerciais a non ser que nos dea o consentimento expreso para facelo.<br \/>\nNos nosos correos electr\u00f3nicos atopar\u00e1s informaci\u00f3n para revogar o consentimento ou darte de baixa de calquera comunicaci\u00f3n da Fundaci\u00f3n <strong>Entreculturas Fe y Alegr\u00eda o Fundaci\u00f3n Alboan<\/strong>.<\/span>[\/vc_column_text][vc_separator type=\u00bbtransparent\u00bb][\/vc_column][vc_column width=\u00bb1\/2&#8243;][vc_column_text css=\u00bb\u00bb]<strong><span style=\"color: #f7443e;\">\u00bfComo e onde se comparte a informaci\u00f3n?<\/span><\/strong><br \/>\n<span style=\"font-size: 11pt;\">A Fundaci\u00f3n Entreculturas Fe y Alegr\u00eda e a Fundaci\u00f3n Alboan informan expresamente que nos casos nos que colabore ou participe en determinadas acci\u00f3ns (Carreira Solidaria, Concerto Solidario, Petici\u00f3ns \u00e1s Naci\u00f3ns Unidas, Socios e Doaz\u00f3ns, etc.), procederemos a ceder os seus datos a organismos e administraci\u00f3ns, bancos e outras entidades colaboradoras de acordo coa normativa legal vixente e, para a xesti\u00f3n corporativa da informaci\u00f3n.<\/span><\/p>\n<p>&nbsp;<\/p>\n<p><strong><span style=\"color: #f7443e;\">\u00bfCanto tempo conservaremos os datos persoais??<\/span><\/strong><span style=\"font-size: 11pt;\"><br \/>\n\u2022 Os datos persoais conservaranse mentres permaneza vinculado a n\u00f3s.<br \/>\n\u2022 Unha vez desvinculado, os datos persoais tratados para cada finalidade conservaranse durante os prazos legalmente establecidos, inclu\u00eddo o prazo en que un xu\u00edz ou tribunal poida requirilos de acordo co prazo de prescrici\u00f3n das acci\u00f3ns xudiciais.<br \/>\n<\/span><br \/>\n<strong><span style=\"color: #f7443e;\">Seguridade dos datos facilitados<\/span><\/strong><span style=\"font-size: 11pt;\"><br \/>\nA Fundaci\u00f3n Entreculturas Fe y Alegr\u00eda e a Fundaci\u00f3n Alboan conceden moita importancia \u00e1 seguridade de toda a informaci\u00f3n e datos persoais que tratamos. Desafortunadamente, a transmisi\u00f3n de informaci\u00f3n a trav\u00e9s de Internet non \u00e9 completamente segura; por iso, esforz\u00e1monos e destinamos recursos para mellorar a nosa p\u00e1xina cada d\u00eda e para que as funcionalidades que se po\u00f1an \u00e1 s\u00faa disposici\u00f3n sexan m\u00e1is seguras (implementouse a funcionalidade https nos formularios de adhesi\u00f3n e doaz\u00f3ns, co fin de protexer os datos econ\u00f3micos-financeiros con ferramentas de cifrado SSL).<br \/>\n<\/span><br \/>\n<span style=\"font-size: 11pt;\"><br \/>\nUnha vez recibida a s\u00faa informaci\u00f3n, apl\u00edcanse medidas de seguridade para garantir a confidencialidade, integridade e evitar calquera perda, mal uso e\/ou alteraci\u00f3n dos datos baixo o noso control. As nosas pol\u00edticas de seguridade e privacidade rev\u00edsanse e mell\u00f3ranse periodicamente segundo sexa necesario, e s\u00f3 o persoal autorizado ten acceso \u00e1 informaci\u00f3n do usuario.<br \/>\n<\/span><br \/>\n<strong><span style=\"color: #f7443e;\">\u00bfQue Dereitos ten?<\/span><\/strong><span style=\"font-size: 11pt;\"><br \/>\n\u2022 A saber se estamos tratando os seus datos ou non.<br \/>\n\u2022 A acceder aos seus datos persoais.<br \/>\n\u2022 A solicitar a rectificaci\u00f3n dos seus datos se son inexactos.<br \/>\n\u2022 A solicitar a eliminaci\u00f3n dos seus datos se xa non son necesarios para os fins para os que foron recollidos ou se nos retira o consentimento outorgado.<br \/>\n\u2022 A solicitar a limitaci\u00f3n do tratamento dos seus datos, nalg\u00fans casos, en cuxo caso s\u00f3 os conservaremos de acordo coa normativa vixente.<br \/>\n\u2022 A enviarlle os datos que sobre si se garden en ENTRECULTURAS ou ALBOAN e que lle ser\u00e1n facilitados nun formato estruturado, de uso com\u00fan ou lectura mec\u00e1nica. Se o prefire, podemos enviarllos ao novo responsable que nos designe. (S\u00f3 \u00e9 v\u00e1lido en determinados casos).<br \/>\n\u2022 A presentar unha reclamaci\u00f3n ante a Axencia Espa\u00f1ola de Protecci\u00f3n de Datos ou autoridade de control competente, se considera que non o atendemos correctamente.<br \/>\n\u2022 A revogar o consentimento para calquera tratamento que consentise, en calquera momento.<\/span><\/p>\n<p><span style=\"font-size: 11pt;\"><br \/>\nSe modifica alg\u00fan dato, agradecemos que nolo comunique para que poidamos mantelo actualizado.<br \/>\n<\/span><\/p>\n<p><span style=\"font-size: 11pt;\"><br \/>\nEste sitio web pode conter ligaz\u00f3ns a e dende outras p\u00e1xinas web, xa sexa dos nosos patrocinadores, socios, empresas asociadas ou empresas colaboradoras, entre outros. Se accede a estas p\u00e1xinas, debe ter en conta que nelas poden volver solicitarlle datos ou informaci\u00f3ns poersoais. Por este motivo, ped\u00edmoslle que cando visite estas p\u00e1xinas, tam\u00e9n revise a s\u00faa pol\u00edtica de privacidade.<br \/>\n<\/span><br \/>\n<strong><span style=\"color: #f7443e;\">Responsable de Privacidade<\/span><\/strong><br \/>\n<span style=\"font-size: 11pt;\">En calquera momento pode solicitar, de xeito totalmente gratu\u00edto, ben por carta ou por correo electr\u00f3nico, o exercicio dos seus dereitos, debendo inclu\u00edr coa s\u00faa solicitude unha fotocopia do seu DNI\/NIE\/Pasaporte, xa que se trata dun dereito estritamente persoal.<\/span><\/p>\n<p><span style=\"font-size: 11pt;\"><br \/>\nAs solicitudes deber\u00e1n dirixirse ao responsable de privacidade no seguinte enderezo:<br \/>\n<\/span><br \/>\n<strong>FUNDACI\u00d3N ENTRECULTURAS FE Y ALEGR\u00cdA<\/strong><br \/>\nAtt. Responsable Privacidad<br \/>\nCalle Maldonado, 1, A, planta 3<br \/>\n28006 Madrid (Espa\u00f1a)<\/p>\n<p><span style=\"font-size: 11pt;\"><br \/>\nAdemais, se tes algunha d\u00fabida adicional relacionada coa Protecci\u00f3n de Datos, podes contactar co noso Delegado de Protecci\u00f3n de Datos en <strong>rgpd@entreculturas.org.<\/strong><\/span><\/p>\n<p>&nbsp;<\/p>\n<p><strong>FUNDACI\u00d3N ALBOAN<\/strong><br \/>\nCalle Padre Lojendio, 2. 2\u00aa.<br \/>\n48008 \u2013 Bilbao (Espa\u00f1a)<br \/>\nCIF. G-48811376<br \/>\nContacto para modificaci\u00f3n de datos:<br \/>\n<strong>info@alboan.org<\/strong><\/p>\n<p>&nbsp;<\/p>\n<p><strong><span style=\"color: #f7443e;\">Cambios na Pol\u00edtica de Privacidade<\/span><\/strong><span style=\"font-size: 11pt;\"><br \/>\nA Fundaci\u00f3n Entreculturas Fe y Alegr\u00eda e a Fundaci\u00f3n Alboan poder\u00e1n modificar ou adaptar a s\u00faa Pol\u00edtica de Privacidade e Tratamento de Datos Persoais. Recomendamos que se visite cada vez que navegue polo sitio para estar sempre informado con antelaci\u00f3n dos datos que nos proporcione.<\/span>[\/vc_column_text][vc_separator type=\u00bbtransparent\u00bb][vc_single_image image=\u00bb2458&#8243; img_size=\u00bbfull\u00bb style=\u00bbvc_box_shadow_3d\u00bb css=\u00bb\u00bb qode_css_animation=\u00bb\u00bb][vc_column_text css=\u00bb\u00bb]<span class=\"copyright\">\u00a9Natalia Sep\u00falveda<\/span>[\/vc_column_text][vc_separator type=\u00bbtransparent\u00bb][\/vc_column][\/vc_row][vc_row css_animation=\u00bb\u00bb row_type=\u00bbrow\u00bb use_row_as_full_screen_section=\u00bbno\u00bb type=\u00bbfull_width\u00bb angled_section=\u00bbno\u00bb text_align=\u00bbleft\u00bb background_image_as_pattern=\u00bbwithout_pattern\u00bb][vc_column][vc_separator type=\u00bbtransparent\u00bb][\/vc_column][\/vc_row]<\/p>\n<\/div>","protected":false},"excerpt":{"rendered":"<p>[vc_row css_animation=\u00bb\u00bb row_type=\u00bbrow\u00bb use_row_as_full_screen_section=\u00bbno\u00bb type=\u00bbgrid\u00bb angled_section=\u00bbno\u00bb text_align=\u00bbleft\u00bb background_image_as_pattern=\u00bbwithout_pattern\u00bb z_index=\u00bb\u00bb][vc_column][vc_single_image image=\u00bb182&#8243; img_size=\u00bbfull\u00bb qode_css_animation=\u00bb\u00bb][\/vc_column][\/vc_row][vc_row css_animation=\u00bb\u00bb row_type=\u00bbrow\u00bb use_row_as_full_screen_section=\u00bbno\u00bb type=\u00bbgrid\u00bb angled_section=\u00bbno\u00bb text_align=\u00bbleft\u00bb background_image_as_pattern=\u00bbwithout_pattern\u00bb z_index=\u00bb\u00bb][vc_column][vc_column_text css=\u00bb\u00bb] \u00a9Paula Casado [\/vc_column_text][vc_separator type=\u00bbtransparent\u00bb][vc_column_text css=\u00bb\u00bb] Pol\u00edtica de privacidade [\/vc_column_text][vc_separator type=\u00bbtransparent\u00bb][\/vc_column][\/vc_row][vc_row css_animation=\u00bb\u00bb row_type=\u00bbrow\u00bb use_row_as_full_screen_section=\u00bbno\u00bb type=\u00bbgrid\u00bb angled_section=\u00bbno\u00bb text_align=\u00bbleft\u00bb background_image_as_pattern=\u00bbwithout_pattern\u00bb z_index=\u00bb\u00bb][vc_column][vc_column_text css=\u00bb\u00bb]Esta Pol\u00edtica de Privacidade \u00e9 parte&#8230;<\/p>\n","protected":false},"author":1,"featured_media":0,"parent":0,"menu_order":0,"comment_status":"closed","ping_status":"closed","template":"full_width.php","meta":{"footnotes":""},"class_list":["post-491","page","type-page","status-publish","hentry"],"yoast_head":"<!-- This site is optimized with the Yoast SEO plugin v27.4 - https:\/\/yoast.com\/product\/yoast-seo-wordpress\/ -->\n<title>Pol\u00edtica de Privacidade - Escola Refuxio<\/title>\n<meta name=\"robots\" content=\"noindex, nofollow\" \/>\n<meta property=\"og:locale\" content=\"es_ES\" \/>\n<meta property=\"og:type\" content=\"article\" \/>\n<meta property=\"og:title\" content=\"A educaci\u00f3n \u00e9 a s\u00faa mellor defensa.\" \/>\n<meta property=\"og:description\" content=\"56 conflictes armats estan actius al nostre m\u00f3n, afectant greument la inf\u00e0ncia, que en pateix les pitjors conseq\u00fc\u00e8ncies.\" \/>\n<meta property=\"og:url\" content=\"https:\/\/www.escuelarefugio.org\/glg\/politica-de-privacidade\/\" \/>\n<meta property=\"og:site_name\" content=\"Escola Refuxio\" \/>\n<meta property=\"article:modified_time\" content=\"2025-06-10T08:01:53+00:00\" \/>\n<meta property=\"og:image\" content=\"http:\/\/www.escuelarefugio.org\/glg\/wp-content\/uploads\/sites\/26\/2025\/06\/whatsapp_500x263_GLG.jpg\" \/>\n\t<meta property=\"og:image:width\" content=\"500\" \/>\n\t<meta property=\"og:image:height\" content=\"263\" \/>\n\t<meta property=\"og:image:type\" content=\"image\/jpeg\" \/>\n<meta name=\"twitter:card\" content=\"summary_large_image\" \/>\n<meta name=\"twitter:title\" content=\"A educaci\u00f3n \u00e9 a s\u00faa mellor defensa.\" \/>\n<meta name=\"twitter:description\" content=\"56 conflictes armats estan actius al nostre m\u00f3n, afectant greument la inf\u00e0ncia, que en pateix les pitjors conseq\u00fc\u00e8ncies.\" \/>\n<meta name=\"twitter:image\" content=\"https:\/\/www.escuelarefugio.org\/glg\/wp-content\/uploads\/sites\/26\/2025\/06\/whatsapp_500x263_GLG.jpg\" \/>\n<meta name=\"twitter:label1\" content=\"Tiempo de lectura\" \/>\n\t<meta name=\"twitter:data1\" content=\"8 minutos\" \/>\n<script type=\"application\/ld+json\" class=\"yoast-schema-graph\">{\"@context\":\"https:\\\/\\\/schema.org\",\"@graph\":[{\"@type\":\"WebPage\",\"@id\":\"https:\\\/\\\/www.escuelarefugio.org\\\/glg\\\/politica-de-privacidade\\\/\",\"url\":\"https:\\\/\\\/www.escuelarefugio.org\\\/glg\\\/politica-de-privacidade\\\/\",\"name\":\"Pol\u00edtica de Privacidade - Escola Refuxio\",\"isPartOf\":{\"@id\":\"https:\\\/\\\/www.escuelarefugio.org\\\/glg\\\/#website\"},\"datePublished\":\"2019-05-31T19:54:02+00:00\",\"dateModified\":\"2025-06-10T08:01:53+00:00\",\"breadcrumb\":{\"@id\":\"https:\\\/\\\/www.escuelarefugio.org\\\/glg\\\/politica-de-privacidade\\\/#breadcrumb\"},\"inLanguage\":\"es\",\"potentialAction\":[{\"@type\":\"ReadAction\",\"target\":[\"https:\\\/\\\/www.escuelarefugio.org\\\/glg\\\/politica-de-privacidade\\\/\"]}]},{\"@type\":\"BreadcrumbList\",\"@id\":\"https:\\\/\\\/www.escuelarefugio.org\\\/glg\\\/politica-de-privacidade\\\/#breadcrumb\",\"itemListElement\":[{\"@type\":\"ListItem\",\"position\":1,\"name\":\"Portada\",\"item\":\"https:\\\/\\\/www.escuelarefugio.org\\\/glg\\\/\"},{\"@type\":\"ListItem\",\"position\":2,\"name\":\"Pol\u00edtica de Privacidade\"}]},{\"@type\":\"WebSite\",\"@id\":\"https:\\\/\\\/www.escuelarefugio.org\\\/glg\\\/#website\",\"url\":\"https:\\\/\\\/www.escuelarefugio.org\\\/glg\\\/\",\"name\":\"Escola Refuxio\",\"description\":\"Entreculturas Alboan\",\"potentialAction\":[{\"@type\":\"SearchAction\",\"target\":{\"@type\":\"EntryPoint\",\"urlTemplate\":\"https:\\\/\\\/www.escuelarefugio.org\\\/glg\\\/?s={search_term_string}\"},\"query-input\":{\"@type\":\"PropertyValueSpecification\",\"valueRequired\":true,\"valueName\":\"search_term_string\"}}],\"inLanguage\":\"es\"}]}<\/script>\n<!-- \/ Yoast SEO plugin. -->","yoast_head_json":{"title":"Pol\u00edtica de Privacidade - Escola Refuxio","robots":{"index":"noindex","follow":"nofollow"},"og_locale":"es_ES","og_type":"article","og_title":"A educaci\u00f3n \u00e9 a s\u00faa mellor defensa.","og_description":"56 conflictes armats estan actius al nostre m\u00f3n, afectant greument la inf\u00e0ncia, que en pateix les pitjors conseq\u00fc\u00e8ncies.","og_url":"https:\/\/www.escuelarefugio.org\/glg\/politica-de-privacidade\/","og_site_name":"Escola Refuxio","article_modified_time":"2025-06-10T08:01:53+00:00","og_image":[{"width":500,"height":263,"url":"http:\/\/www.escuelarefugio.org\/glg\/wp-content\/uploads\/sites\/26\/2025\/06\/whatsapp_500x263_GLG.jpg","type":"image\/jpeg"}],"twitter_card":"summary_large_image","twitter_title":"A educaci\u00f3n \u00e9 a s\u00faa mellor defensa.","twitter_description":"56 conflictes armats estan actius al nostre m\u00f3n, afectant greument la inf\u00e0ncia, que en pateix les pitjors conseq\u00fc\u00e8ncies.","twitter_image":"https:\/\/www.escuelarefugio.org\/glg\/wp-content\/uploads\/sites\/26\/2025\/06\/whatsapp_500x263_GLG.jpg","twitter_misc":{"Tiempo de lectura":"8 minutos"},"schema":{"@context":"https:\/\/schema.org","@graph":[{"@type":"WebPage","@id":"https:\/\/www.escuelarefugio.org\/glg\/politica-de-privacidade\/","url":"https:\/\/www.escuelarefugio.org\/glg\/politica-de-privacidade\/","name":"Pol\u00edtica de Privacidade - Escola Refuxio","isPartOf":{"@id":"https:\/\/www.escuelarefugio.org\/glg\/#website"},"datePublished":"2019-05-31T19:54:02+00:00","dateModified":"2025-06-10T08:01:53+00:00","breadcrumb":{"@id":"https:\/\/www.escuelarefugio.org\/glg\/politica-de-privacidade\/#breadcrumb"},"inLanguage":"es","potentialAction":[{"@type":"ReadAction","target":["https:\/\/www.escuelarefugio.org\/glg\/politica-de-privacidade\/"]}]},{"@type":"BreadcrumbList","@id":"https:\/\/www.escuelarefugio.org\/glg\/politica-de-privacidade\/#breadcrumb","itemListElement":[{"@type":"ListItem","position":1,"name":"Portada","item":"https:\/\/www.escuelarefugio.org\/glg\/"},{"@type":"ListItem","position":2,"name":"Pol\u00edtica de Privacidade"}]},{"@type":"WebSite","@id":"https:\/\/www.escuelarefugio.org\/glg\/#website","url":"https:\/\/www.escuelarefugio.org\/glg\/","name":"Escola Refuxio","description":"Entreculturas Alboan","potentialAction":[{"@type":"SearchAction","target":{"@type":"EntryPoint","urlTemplate":"https:\/\/www.escuelarefugio.org\/glg\/?s={search_term_string}"},"query-input":{"@type":"PropertyValueSpecification","valueRequired":true,"valueName":"search_term_string"}}],"inLanguage":"es"}]}},"_links":{"self":[{"href":"https:\/\/www.escuelarefugio.org\/glg\/wp-json\/wp\/v2\/pages\/491","targetHints":{"allow":["GET"]}}],"collection":[{"href":"https:\/\/www.escuelarefugio.org\/glg\/wp-json\/wp\/v2\/pages"}],"about":[{"href":"https:\/\/www.escuelarefugio.org\/glg\/wp-json\/wp\/v2\/types\/page"}],"author":[{"embeddable":true,"href":"https:\/\/www.escuelarefugio.org\/glg\/wp-json\/wp\/v2\/users\/1"}],"replies":[{"embeddable":true,"href":"https:\/\/www.escuelarefugio.org\/glg\/wp-json\/wp\/v2\/comments?post=491"}],"version-history":[{"count":3,"href":"https:\/\/www.escuelarefugio.org\/glg\/wp-json\/wp\/v2\/pages\/491\/revisions"}],"predecessor-version":[{"id":2593,"href":"https:\/\/www.escuelarefugio.org\/glg\/wp-json\/wp\/v2\/pages\/491\/revisions\/2593"}],"wp:attachment":[{"href":"https:\/\/www.escuelarefugio.org\/glg\/wp-json\/wp\/v2\/media?parent=491"}],"curies":[{"name":"wp","href":"https:\/\/api.w.org\/{rel}","templated":true}]}}